{"id":12543,"date":"2024-02-22T16:05:19","date_gmt":"2024-02-22T15:05:19","guid":{"rendered":"https:\/\/alvarotrigo.com\/blog\/?page_id=12543"},"modified":"2024-02-22T16:05:23","modified_gmt":"2024-02-22T15:05:23","slug":"legal-notice","status":"publish","type":"page","link":"https:\/\/alvarotrigo.com\/blog\/legal-notice\/","title":{"rendered":"Legal Notice"},"content":{"rendered":"<h2 class=\"wp-block-heading\" id=\"1-company-information\">1. Company Information<\/h2>\n\n\n<p><strong>Company Name:<\/strong> Yoloop SL. <br><strong>Registered Office:<\/strong> Paseo Imperial 39, 1C, 28005, Madrid, Spain<br><strong>Tax Identification Number (NIF):<\/strong> ES-B01778091<br><strong>Email:<\/strong> <a href=\"mailto:hi@yoloop.io\">hi@yoloop.io<\/a><\/p>\n\n\n\n<p>Yoloop SL. is a company registered in Spain under company number B01778091 and it has been register in <em>&#8220;Tomo: 40787, Libro: 0 , Folio: 61, Secci\u00f3n: 8, Hoja : M 723621 Inscripci\u00f3n o anotaci\u00f3n: 1 A\u00f1o Pre.: 2020&#8221;.<\/em><\/p>\n\n\n<h2 class=\"wp-block-heading\" id=\"2-disclaimer\">2. Disclaimer<\/h2>\n\n\n<p>The information provided on this website is for general informational purposes only. While we strive to keep the information up to date and accurate, we make no representations or warranties of any kind, express or implied, about the completeness, accuracy, reliability, suitability, or availability with respect to the website or the information, products, services, or related graphics contained on the website for any purpose. Any reliance you place on such information is therefore strictly at your own risk.<\/p>\n\n\n<h2 class=\"wp-block-heading\" id=\"3-intellectual-property-rights\">3. Intellectual Property Rights<\/h2>\n\n\n<p>All content included on this website, such as text, graphics, logos, images, audio clips, digital downloads, data compilations, and software, is the property of Yoloop SL. or its content suppliers and protected by Spanish and international copyright laws. The compilation of all content on this website is the exclusive property of Yoloop SL. and protected by Spanish and international copyright laws.<\/p>\n\n\n<h2 class=\"wp-block-heading\" id=\"4-privacy-policy\">4. Privacy Policy<\/h2>\n\n\n<p>Please refer to our <a href=\"https:\/\/alvarotrigo.com\/blog\/privacy-policy\/\">Privacy Policy<\/a> for information about how we collect, use, and protect your personal data.<\/p>\n\n\n<h2 class=\"wp-block-heading\" id=\"5-terms-and-conditions\">5. Terms and Conditions<\/h2>\n\n\n<p>By accessing this website, you agree to be bound by our <a href=\"https:\/\/alvarotrigo.com\/blog\/terms-conditions\/\">Terms and Conditions<\/a>. Please read these carefully before using the website.<\/p>\n\n\n<h2 class=\"wp-block-heading\" id=\"6-governing-law-and-jurisdiction\">6. Governing Law and Jurisdiction<\/h2>\n\n\n<p>These terms and conditions are governed by and construed in accordance with the laws of Spain. Any dispute arising out of or in connection with these terms and conditions shall be subject to the exclusive jurisdiction of the courts of Spain.<\/p>\n\n\n<h2 class=\"wp-block-heading\" id=\"7-contact\">7. Contact<\/h2>\n\n\n<p>If you have any questions or concerns about this legal notice, please contact us at hi@yoloop.io<\/p>\n\n\n<h2 class=\"wp-block-heading\" id=\"8-updates-to-the-legal-notice\">8. Updates to the Legal Notice<\/h2>\n\n\n<p>We reserve the right to update or modify this legal notice at any time without prior notice. Any changes will be effective immediately upon posting on this website.<\/p>\n","protected":false},"excerpt":{"rendered":"<p>1. Company Information Company Name: Yoloop SL. Registered Office: Paseo Imperial 39, 1C, 28005, Madrid, SpainTax Identification Number (NIF): ES-B01778091Email: hi@yoloop.io Yoloop SL. is a company registered in Spain under company number B01778091 and it has been register in &#8220;Tomo: 40787, Libro: 0 , Folio: 61, Secci\u00f3n: 8, Hoja : M 723621 Inscripci\u00f3n o anotaci\u00f3n: [&hellip;]<\/p>\n","protected":false},"author":1,"featured_media":0,"parent":0,"menu_order":0,"comment_status":"closed","ping_status":"closed","template":"","meta":{"_acf_changed":false,"footnotes":""},"class_list":["post-12543","page","type-page","status-publish","hentry"],"acf":[],"_links":{"self":[{"href":"https:\/\/alvarotrigo.com\/blog\/wp-json\/wp\/v2\/pages\/12543","targetHints":{"allow":["GET"]}}],"collection":[{"href":"https:\/\/alvarotrigo.com\/blog\/wp-json\/wp\/v2\/pages"}],"about":[{"href":"https:\/\/alvarotrigo.com\/blog\/wp-json\/wp\/v2\/types\/page"}],"author":[{"embeddable":true,"href":"https:\/\/alvarotrigo.com\/blog\/wp-json\/wp\/v2\/users\/1"}],"replies":[{"embeddable":true,"href":"https:\/\/alvarotrigo.com\/blog\/wp-json\/wp\/v2\/comments?post=12543"}],"version-history":[{"count":3,"href":"https:\/\/alvarotrigo.com\/blog\/wp-json\/wp\/v2\/pages\/12543\/revisions"}],"predecessor-version":[{"id":12613,"href":"https:\/\/alvarotrigo.com\/blog\/wp-json\/wp\/v2\/pages\/12543\/revisions\/12613"}],"wp:attachment":[{"href":"https:\/\/alvarotrigo.com\/blog\/wp-json\/wp\/v2\/media?parent=12543"}],"curies":[{"name":"wp","href":"https:\/\/api.w.org\/{rel}","templated":true}]}}